{"id":411,"date":"2024-12-10T15:20:03","date_gmt":"2024-12-10T15:20:03","guid":{"rendered":"https:\/\/benoitsioui.com\/?page_id=411"},"modified":"2025-04-04T15:41:19","modified_gmt":"2025-04-04T15:41:19","slug":"services","status":"publish","type":"page","link":"https:\/\/benoitsioui.com\/?page_id=411","title":{"rendered":"Services"},"content":{"rendered":"\n<div class=\"wp-block-uagb-container uagb-block-sln3jm1u alignfull uagb-is-root-container\"><div class=\"uagb-container-inner-blocks-wrap\">\n<div class=\"wp-block-uagb-info-box uagb-block-e7u1i19r uagb-infobox__content-wrap  uagb-infobox-icon-above-title uagb-infobox-image-valign-top wp-block-uagb-info-box--has-margin\"><div class=\"uagb-infobox-margin-wrapper\"><div class=\"uagb-ifb-content\"><div class=\"uagb-ifb-title-wrap\"><h1 class=\"uagb-ifb-title\">Mes services<\/h1><\/div><\/div><\/div><\/div>\n\n\n\n<div class=\"wp-block-uagb-container uagb-block-2dh9p18r\">\n<div class=\"wp-block-uagb-container uagb-block-nmhzgrpe\">\n<div class=\"wp-block-uagb-image alignleft uagb-block-c7kzqkk5 wp-block-uagb-image--layout-default wp-block-uagb-image--effect-static wp-block-uagb-image--align-left\"><figure class=\"wp-block-uagb-image__figure\"><img decoding=\"async\" srcset=\"https:\/\/benoitsioui.com\/wp-content\/uploads\/2025\/01\/Conference_-_Troc_entre_Wendat_et_Europeens_-_Delegation_bretonne_2008_1_-_Copie-1024x683_1.jpg ,https:\/\/benoitsioui.com\/wp-content\/uploads\/2025\/01\/Conference_-_Troc_entre_Wendat_et_Europeens_-_Delegation_bretonne_2008_1_-_Copie-1024x683_1.jpg 780w, https:\/\/benoitsioui.com\/wp-content\/uploads\/2025\/01\/Conference_-_Troc_entre_Wendat_et_Europeens_-_Delegation_bretonne_2008_1_-_Copie-1024x683_1.jpg 360w\" sizes=\"auto, (max-width: 480px) 150px\" src=\"https:\/\/benoitsioui.com\/wp-content\/uploads\/2025\/01\/Conference_-_Troc_entre_Wendat_et_Europeens_-_Delegation_bretonne_2008_1_-_Copie-1024x683_1.jpg\" alt=\"\" class=\"uag-image-839\" width=\"368\" height=\"450\" title=\"\" loading=\"lazy\" role=\"img\"\/><figcaption class=\"uagb-image-caption\">Cr\u00e9dit photo : CCFSQ<\/figcaption><\/figure><\/div>\n\n\n\n<div class=\"wp-block-uagb-info-box uagb-block-wrum9pvx uagb-infobox__content-wrap  uagb-infobox-icon-above-title uagb-infobox-image-valign-top\"><div class=\"uagb-ifb-content\"><div class=\"uagb-ifb-icon-wrap\"><svg xmlns=\"https:\/\/www.w3.org\/2000\/svg\" viewBox=\"0 0 576 512\"><path d=\"M96 96h384v288h64V72C544 50 525.1 32 504 32H72C49.1 32 32 50 32 72V384h64V96zM560 416H416v-48c0-8.838-7.164-16-16-16h-160C231.2 352 224 359.2 224 368V416H16C7.164 416 0 423.2 0 432v32C0 472.8 7.164 480 16 480h544c8.836 0 16-7.164 16-16v-32C576 423.2 568.8 416 560 416z\"><\/path><\/svg><\/div><div class=\"uagb-ifb-title-wrap\"><h4 class=\"uagb-ifb-title\">Conf\u00e9rences en ligne<\/h4><\/div><p class=\"uagb-ifb-desc\">Vous voulez \u00e9couter le conf\u00e9rencier dans le confort de votre foyer, c\u2019est possible gr\u00e2ce \u00e0 l\u2019utilisation des plateformes \u00e9lectroniques o\u00f9 que vous soyez. Le lieu n\u2019a plus d\u2019importance.<\/p><\/div><\/div>\n<\/div>\n\n\n\n<div class=\"wp-block-uagb-container uagb-block-y1uziqqa\">\n<div class=\"wp-block-uagb-image alignleft uagb-block-rvmleozk wp-block-uagb-image--layout-default wp-block-uagb-image--effect-static wp-block-uagb-image--align-left\"><figure class=\"wp-block-uagb-image__figure\"><img decoding=\"async\" srcset=\"https:\/\/benoitsioui.com\/wp-content\/uploads\/2024\/12\/image2.jpg ,https:\/\/benoitsioui.com\/wp-content\/uploads\/2024\/12\/image2.jpg 780w, https:\/\/benoitsioui.com\/wp-content\/uploads\/2024\/12\/image2.jpg 360w\" sizes=\"auto, (max-width: 480px) 150px\" src=\"https:\/\/benoitsioui.com\/wp-content\/uploads\/2024\/12\/image2.jpg\" alt=\"\" class=\"uag-image-470\" width=\"368\" height=\"450\" title=\"image2\" loading=\"lazy\" role=\"img\"\/><figcaption class=\"uagb-image-caption\">Cr\u00e9dit photo : Marianne Longpr\u00e9<\/figcaption><\/figure><\/div>\n\n\n\n<div class=\"wp-block-uagb-info-box uagb-block-uowrvchv uagb-infobox__content-wrap  uagb-infobox-icon-above-title uagb-infobox-image-valign-top\"><div class=\"uagb-ifb-content\"><div class=\"uagb-ifb-icon-wrap\"><svg xmlns=\"https:\/\/www.w3.org\/2000\/svg\" viewBox=\"0 0 448 512\"><path d=\"M448 336v-288C448 21.49 426.5 0 400 0H96C42.98 0 0 42.98 0 96v320c0 53.02 42.98 96 96 96h320c17.67 0 32-14.33 32-31.1c0-11.72-6.607-21.52-16-27.1v-81.36C441.8 362.8 448 350.2 448 336zM143.1 128h192C344.8 128 352 135.2 352 144C352 152.8 344.8 160 336 160H143.1C135.2 160 128 152.8 128 144C128 135.2 135.2 128 143.1 128zM143.1 192h192C344.8 192 352 199.2 352 208C352 216.8 344.8 224 336 224H143.1C135.2 224 128 216.8 128 208C128 199.2 135.2 192 143.1 192zM384 448H96c-17.67 0-32-14.33-32-32c0-17.67 14.33-32 32-32h288V448z\"><\/path><\/svg><\/div><div class=\"uagb-ifb-title-wrap\"><h4 class=\"uagb-ifb-title\">S\u00e9minaires<\/h4><\/div><p class=\"uagb-ifb-desc\">Vous voulez approfondir vos connaissances sur les Premi\u00e8res Nations de fa\u00e7on intensive, mes s\u00e9minaires sauront vous satisfaire. D\u2019une dur\u00e9e d\u2019une demi-journ\u00e9e \u00e0 3 jours, un riche bagage de connaissances vous sera transmis.<\/p><\/div><\/div>\n<\/div>\n<\/div>\n\n\n\n<div class=\"wp-block-uagb-container uagb-block-c1417b40\">\n<div class=\"wp-block-uagb-container uagb-block-c86b421b\">\n<div class=\"wp-block-uagb-image alignleft uagb-block-b3e7113a wp-block-uagb-image--layout-default wp-block-uagb-image--effect-static wp-block-uagb-image--align-left\"><figure class=\"wp-block-uagb-image__figure\"><img decoding=\"async\" srcset=\"https:\/\/benoitsioui.com\/wp-content\/uploads\/2024\/12\/image16-2.jpg ,https:\/\/benoitsioui.com\/wp-content\/uploads\/2024\/12\/image16-2.jpg 780w, https:\/\/benoitsioui.com\/wp-content\/uploads\/2024\/12\/image16-2.jpg 360w\" sizes=\"auto, (max-width: 480px) 150px\" src=\"https:\/\/benoitsioui.com\/wp-content\/uploads\/2024\/12\/image16-2.jpg\" alt=\"\" class=\"uag-image-36\" width=\"368\" height=\"450\" title=\"image16\" loading=\"lazy\" role=\"img\"\/><figcaption class=\"uagb-image-caption\">Cr\u00e9dit photo : Marianne Longpr\u00e9<\/figcaption><\/figure><\/div>\n\n\n\n<div class=\"wp-block-uagb-info-box uagb-block-bcf790c2 uagb-infobox__content-wrap  uagb-infobox-icon-above-title uagb-infobox-image-valign-top\"><div class=\"uagb-ifb-content\"><div class=\"uagb-ifb-icon-wrap\"><svg xmlns=\"https:\/\/www.w3.org\/2000\/svg\" viewBox=\"0 0 640 512\"><path d=\"M592 0h-384C181.5 0 160 22.25 160 49.63V96c23.42 0 45.1 6.781 63.1 17.81V64h352v288h-64V304c0-8.838-7.164-16-16-16h-96c-8.836 0-16 7.162-16 16V352H287.3c22.07 16.48 39.54 38.5 50.76 64h253.9C618.5 416 640 393.8 640 366.4V49.63C640 22.25 618.5 0 592 0zM160 320c53.02 0 96-42.98 96-96c0-53.02-42.98-96-96-96C106.1 128 64 170.1 64 224C64 277 106.1 320 160 320zM192 352H128c-70.69 0-128 57.31-128 128c0 17.67 14.33 32 32 32h256c17.67 0 32-14.33 32-32C320 409.3 262.7 352 192 352z\"><\/path><\/svg><\/div><div class=\"uagb-ifb-title-wrap\"><h4 class=\"uagb-ifb-title\">Conf\u00e9rences en pr\u00e9sentiel<\/h4><\/div><p class=\"uagb-ifb-desc\">Vous voulez assister et interagir en direct avec le pr\u00e9sentateur, la conf\u00e9rence en direct r\u00e9pondra \u00e0 vos besoins. C\u2019est d\u2019ailleurs la formule que je pr\u00e9conise.<\/p><\/div><\/div>\n<\/div>\n\n\n\n<div class=\"wp-block-uagb-container uagb-block-4abe0e4c\">\n<div class=\"wp-block-uagb-image alignleft uagb-block-1c26cf44 wp-block-uagb-image--layout-default wp-block-uagb-image--effect-static wp-block-uagb-image--align-left\"><figure class=\"wp-block-uagb-image__figure\"><img decoding=\"async\" srcset=\"https:\/\/benoitsioui.com\/wp-content\/uploads\/2025\/01\/Conference_-_Troc_entre_Wendat_et_Europeens_-_Delegation_bretonne_2008_1_-_Copie-1024x683_1.jpg ,https:\/\/benoitsioui.com\/wp-content\/uploads\/2025\/01\/Conference_-_Troc_entre_Wendat_et_Europeens_-_Delegation_bretonne_2008_1_-_Copie-1024x683_1.jpg 780w, https:\/\/benoitsioui.com\/wp-content\/uploads\/2025\/01\/Conference_-_Troc_entre_Wendat_et_Europeens_-_Delegation_bretonne_2008_1_-_Copie-1024x683_1.jpg 360w\" sizes=\"auto, (max-width: 480px) 150px\" src=\"https:\/\/benoitsioui.com\/wp-content\/uploads\/2025\/01\/Conference_-_Troc_entre_Wendat_et_Europeens_-_Delegation_bretonne_2008_1_-_Copie-1024x683_1.jpg\" alt=\"\" class=\"uag-image-839\" width=\"368\" height=\"450\" title=\"CREATOR: gd-jpeg v1.0 (using IJG JPEG v80), quality = 82\" loading=\"lazy\" role=\"img\"\/><figcaption class=\"uagb-image-caption\">Cr\u00e9dit photo : CCFSQ<\/figcaption><\/figure><\/div>\n\n\n\n<div class=\"wp-block-uagb-info-box uagb-block-daf775c5 uagb-infobox__content-wrap  uagb-infobox-icon-above-title uagb-infobox-image-valign-top\"><div class=\"uagb-ifb-content\"><div class=\"uagb-ifb-icon-wrap\"><svg xmlns=\"https:\/\/www.w3.org\/2000\/svg\" viewBox=\"0 0 576 512\"><path d=\"M96 96h384v288h64V72C544 50 525.1 32 504 32H72C49.1 32 32 50 32 72V384h64V96zM560 416H416v-48c0-8.838-7.164-16-16-16h-160C231.2 352 224 359.2 224 368V416H16C7.164 416 0 423.2 0 432v32C0 472.8 7.164 480 16 480h544c8.836 0 16-7.164 16-16v-32C576 423.2 568.8 416 560 416z\"><\/path><\/svg><\/div><div class=\"uagb-ifb-title-wrap\"><h4 class=\"uagb-ifb-title\">Consultant culturel<\/h4><\/div><p class=\"uagb-ifb-desc\">Vous voulez sensibilisez vos employ\u00e9s \u00e0 la r\u00e9alit\u00e9s des Premi\u00e8res Nations, jouir de conseils avis\u00e9s, \u00eatre guid\u00e9 lors de l&#8217;\u00e9laboration de mat\u00e9riel p\u00e9dagogique ou obtenir les services d&#8217;un a\u00een\u00e9 afin d&#8217;effectuer des pri\u00e8res lors de vos \u00e9v\u00e9nements, je peux r\u00e9pondre, entre autres, \u00e0 ces besoins.<\/p><\/div><\/div>\n<\/div>\n<\/div>\n\n\n\n<div class=\"wp-block-uagb-buttons uagb-buttons__outer-wrap uagb-btn__default-btn uagb-btn-tablet__default-btn uagb-btn-mobile__default-btn uagb-block-971059ce\"><div class=\"uagb-buttons__wrap uagb-buttons-layout-wrap \">\n<div class=\"wp-block-uagb-buttons-child uagb-buttons__outer-wrap uagb-block-03fd5b20 wp-block-button\"><div class=\"uagb-button__wrapper\"><a class=\"uagb-buttons-repeater wp-block-button__link\" aria-label=\"\" href=\"https:\/\/benoitsioui.com\/?page_id=107\" rel=\"follow noopener\" target=\"_self\" role=\"button\"><div class=\"uagb-button__link\">Contactez-nous<\/div><\/a><\/div><\/div>\n<\/div><\/div>\n<\/div><\/div>\n","protected":false},"excerpt":{"rendered":"","protected":false},"author":1,"featured_media":0,"parent":0,"menu_order":0,"comment_status":"closed","ping_status":"closed","template":"","meta":{"_uag_custom_page_level_css":"","site-sidebar-layout":"default","site-content-layout":"","ast-site-content-layout":"","site-content-style":"default","site-sidebar-style":"default","ast-global-header-display":"","ast-banner-title-visibility":"","ast-main-header-display":"","ast-hfb-above-header-display":"","ast-hfb-below-header-display":"","ast-hfb-mobile-header-display":"","site-post-title":"disabled","ast-breadcrumbs-content":"","ast-featured-img":"","footer-sml-layout":"","theme-transparent-header-meta":"","adv-header-id-meta":"","stick-header-meta":"","header-above-stick-meta":"","header-main-stick-meta":"","header-below-stick-meta":"","astra-migrate-meta-layouts":"default","ast-page-background-enabled":"default","ast-page-background-meta":{"desktop":{"background-color":"var(--ast-global-color-4)","background-image":"","background-repeat":"repeat","background-position":"center center","background-size":"auto","background-attachment":"scroll","background-type":"","background-media":"","overlay-type":"","overlay-color":"","overlay-opacity":"","overlay-gradient":""},"tablet":{"background-color":"","background-image":"","background-repeat":"repeat","background-position":"center center","background-size":"auto","background-attachment":"scroll","background-type":"","background-media":"","overlay-type":"","overlay-color":"","overlay-opacity":"","overlay-gradient":""},"mobile":{"background-color":"","background-image":"","background-repeat":"repeat","background-position":"center center","background-size":"auto","background-attachment":"scroll","background-type":"","background-media":"","overlay-type":"","overlay-color":"","overlay-opacity":"","overlay-gradient":""}},"ast-content-background-meta":{"desktop":{"background-color":"var(--ast-global-color-5)","background-image":"","background-repeat":"repeat","background-position":"center center","background-size":"auto","background-attachment":"scroll","background-type":"","background-media":"","overlay-type":"","overlay-color":"","overlay-opacity":"","overlay-gradient":""},"tablet":{"background-color":"var(--ast-global-color-5)","background-image":"","background-repeat":"repeat","background-position":"center center","background-size":"auto","background-attachment":"scroll","background-type":"","background-media":"","overlay-type":"","overlay-color":"","overlay-opacity":"","overlay-gradient":""},"mobile":{"background-color":"var(--ast-global-color-5)","background-image":"","background-repeat":"repeat","background-position":"center center","background-size":"auto","background-attachment":"scroll","background-type":"","background-media":"","overlay-type":"","overlay-color":"","overlay-opacity":"","overlay-gradient":""}},"footnotes":""},"class_list":["post-411","page","type-page","status-publish","hentry"],"uagb_featured_image_src":{"full":false,"thumbnail":false,"medium":false,"medium_large":false,"large":false,"1536x1536":false,"2048x2048":false},"uagb_author_info":{"display_name":"bensioui","author_link":"https:\/\/benoitsioui.com\/?author=1"},"uagb_comment_info":0,"uagb_excerpt":null,"_links":{"self":[{"href":"https:\/\/benoitsioui.com\/index.php?rest_route=\/wp\/v2\/pages\/411","targetHints":{"allow":["GET"]}}],"collection":[{"href":"https:\/\/benoitsioui.com\/index.php?rest_route=\/wp\/v2\/pages"}],"about":[{"href":"https:\/\/benoitsioui.com\/index.php?rest_route=\/wp\/v2\/types\/page"}],"author":[{"embeddable":true,"href":"https:\/\/benoitsioui.com\/index.php?rest_route=\/wp\/v2\/users\/1"}],"replies":[{"embeddable":true,"href":"https:\/\/benoitsioui.com\/index.php?rest_route=%2Fwp%2Fv2%2Fcomments&post=411"}],"version-history":[{"count":32,"href":"https:\/\/benoitsioui.com\/index.php?rest_route=\/wp\/v2\/pages\/411\/revisions"}],"predecessor-version":[{"id":958,"href":"https:\/\/benoitsioui.com\/index.php?rest_route=\/wp\/v2\/pages\/411\/revisions\/958"}],"wp:attachment":[{"href":"https:\/\/benoitsioui.com\/index.php?rest_route=%2Fwp%2Fv2%2Fmedia&parent=411"}],"curies":[{"name":"wp","href":"https:\/\/api.w.org\/{rel}","templated":true}]}}